{"id":95,"date":"2014-10-24T21:20:45","date_gmt":"2014-10-24T21:20:45","guid":{"rendered":"http:\/\/asr.oz5thy.dk\/?page_id=95"},"modified":"2019-04-20T15:43:24","modified_gmt":"2019-04-20T15:43:24","slug":"radioer","status":"publish","type":"page","link":"http:\/\/asr.oz5thy.dk\/?page_id=95","title":{"rendered":"Radioer"},"content":{"rendered":"<p>Hvilken radioer er s\u00e5 egnet til ASR.<\/p>\n<p>1. de skal have Pilottone\/CTS\/subtone eller hvad de forskellige fabrikanter kalder dem.<\/p>\n<p>2. Skal kunne k\u00f8re FM p\u00e5 70cm b\u00e5ndet, da vi anbefaler ASR p\u00e5 70cm for ikke at genere andet trafik p\u00e5 2m<\/p>\n<p>3. Gerne kunne k\u00f8re lav effekt s\u00e5 de ikke bliver for varme n\u00e5r vi taler i dem \ud83d\ude09<\/p>\n<p>Vi har afpr\u00f8vet flere forskellige.<\/p>\n<p><a href=\"http:\/\/asr.oz5thy.dk\/wp-content\/uploads\/2014\/10\/yaesu-vx3-web1a.jpg\">\u00a0<\/a><\/p>\n","protected":false},"excerpt":{"rendered":"<p>Hvilken radioer er s\u00e5 egnet til ASR. 1. de skal have Pilottone\/CTS\/subtone eller hvad de forskellige fabrikanter kalder dem. 2. Skal kunne k\u00f8re FM p\u00e5 70cm b\u00e5ndet, da vi anbefaler ASR p\u00e5 70cm for ikke at genere andet trafik p\u00e5 2m 3. Gerne kunne k\u00f8re lav effekt s\u00e5 de ikke bliver for varme n\u00e5r vi [&hellip;]<\/p>\n","protected":false},"author":1,"featured_media":0,"parent":0,"menu_order":0,"comment_status":"closed","ping_status":"open","template":"","meta":[],"_links":{"self":[{"href":"http:\/\/asr.oz5thy.dk\/index.php?rest_route=\/wp\/v2\/pages\/95"}],"collection":[{"href":"http:\/\/asr.oz5thy.dk\/index.php?rest_route=\/wp\/v2\/pages"}],"about":[{"href":"http:\/\/asr.oz5thy.dk\/index.php?rest_route=\/wp\/v2\/types\/page"}],"author":[{"embeddable":true,"href":"http:\/\/asr.oz5thy.dk\/index.php?rest_route=\/wp\/v2\/users\/1"}],"replies":[{"embeddable":true,"href":"http:\/\/asr.oz5thy.dk\/index.php?rest_route=%2Fwp%2Fv2%2Fcomments&post=95"}],"version-history":[{"count":4,"href":"http:\/\/asr.oz5thy.dk\/index.php?rest_route=\/wp\/v2\/pages\/95\/revisions"}],"predecessor-version":[{"id":637,"href":"http:\/\/asr.oz5thy.dk\/index.php?rest_route=\/wp\/v2\/pages\/95\/revisions\/637"}],"wp:attachment":[{"href":"http:\/\/asr.oz5thy.dk\/index.php?rest_route=%2Fwp%2Fv2%2Fmedia&parent=95"}],"curies":[{"name":"wp","href":"https:\/\/api.w.org\/{rel}","templated":true}]}}